{"id":210,"date":"2024-07-05T16:52:47","date_gmt":"2024-07-05T16:52:47","guid":{"rendered":"https:\/\/jrpcanada.ca\/fr\/?page_id=210"},"modified":"2024-07-22T17:38:33","modified_gmt":"2024-07-22T17:38:33","slug":"conference-entre-ideaux-et-pratiques","status":"publish","type":"page","link":"https:\/\/jrpcanada.ca\/fr\/conference-entre-ideaux-et-pratiques\/","title":{"rendered":"Conf\u00e9rence entre id\u00e9aux et pratiques"},"content":{"rendered":"\n<p>Les r\u00f4les journalistiques \u00e9voluent dans le monde entier et l&#8217;\u00e9valuation de l&#8217;impact de ces changements \u00e9tait le th\u00e8me de la conf\u00e9rence Entre id\u00e9aux et pratiques qui a eu lieu \u00e0 l&#8217;Universit\u00e9 m\u00e9tropolitaine de Toronto en 2023. Vous pouvez visionner les vid\u00e9os de certains panels et pr\u00e9sentations ci-dessous.<\/p>\n\n\n<style>.kb-posts-id-210_571cce-2f .kb-post-list-item{display:grid;}<\/style><ul class=\"wp-block-kadence-posts kb-posts kadence-posts-list kb-posts-id-210_571cce-2f content-wrap grid-cols kb-posts-style-boxed grid-sm-col-1 grid-lg-col-2 item-image-style-above\"><li class=\"kb-post-list-item\">\n\t<article class=\"entry content-bg loop-entry post-197 post type-post status-publish format-standard has-post-thumbnail hentry category-conference\">\n\t\t\t\t<a aria-hidden=\"true\" tabindex=\"-1\" role=\"presentation\" class=\"post-thumbnail kadence-thumbnail-ratio-2-3\" href=\"https:\/\/jrpcanada.ca\/fr\/2024\/07\/05\/evenements-universitaires-accessibles-meilleures-pratiques-et-apprentissages\/\" aria-label=\"\u00c9v\u00e9nements universitaires accessibles: meilleures pratiques et apprentissages\">\n\t\t\t<div class=\"post-thumbnail-inner\">\n\t\t\t\t<img decoding=\"async\" width=\"768\" height=\"512\" src=\"https:\/\/jrpcanada.ca\/fr\/wp-content\/uploads\/sites\/2\/2024\/05\/Accessibility-Article-768x512.jpg\" class=\"attachment-medium_large size-medium_large wp-post-image\" alt=\"Sama Nemat Allah assise \u00e0 un bureau.\" srcset=\"https:\/\/jrpcanada.ca\/fr\/wp-content\/uploads\/sites\/2\/2024\/05\/Accessibility-Article-768x512.jpg 768w, https:\/\/jrpcanada.ca\/fr\/wp-content\/uploads\/sites\/2\/2024\/05\/Accessibility-Article-300x200.jpg 300w, https:\/\/jrpcanada.ca\/fr\/wp-content\/uploads\/sites\/2\/2024\/05\/Accessibility-Article-1024x683.jpg 1024w, https:\/\/jrpcanada.ca\/fr\/wp-content\/uploads\/sites\/2\/2024\/05\/Accessibility-Article-1536x1024.jpg 1536w, https:\/\/jrpcanada.ca\/fr\/wp-content\/uploads\/sites\/2\/2024\/05\/Accessibility-Article-2048x1365.jpg 2048w, https:\/\/jrpcanada.ca\/fr\/wp-content\/uploads\/sites\/2\/2024\/05\/Accessibility-Article-1920x1280.jpg 1920w, https:\/\/jrpcanada.ca\/fr\/wp-content\/uploads\/sites\/2\/2024\/05\/Accessibility-Article-1170x780.jpg 1170w, https:\/\/jrpcanada.ca\/fr\/wp-content\/uploads\/sites\/2\/2024\/05\/Accessibility-Article-585x390.jpg 585w, https:\/\/jrpcanada.ca\/fr\/wp-content\/uploads\/sites\/2\/2024\/05\/Accessibility-Article-263x175.jpg 263w\" sizes=\"(max-width: 768px) 100vw, 768px\" \/>\t\t\t<\/div>\n\t\t<\/a><!-- .post-thumbnail -->\n\t\t\t\t<div class=\"entry-content-wrap\">\n\t\t\t<header class=\"entry-header\">\n\t\t<div class=\"entry-taxonomies\">\n\t\t<span class=\"category-links term-links category-style-normal\">\n\t\t\t<a href=\"https:\/\/jrpcanada.ca\/fr\/category\/conference\/\" rel=\"category tag\">Conf\u00e9rence entre id\u00e9aux et pratiques<\/a>\t\t<\/span>\n\t<\/div><!-- .entry-taxonomies -->\n\t<h2 class=\"entry-title\"><a href=\"https:\/\/jrpcanada.ca\/fr\/2024\/07\/05\/evenements-universitaires-accessibles-meilleures-pratiques-et-apprentissages\/\" rel=\"bookmark\">\u00c9v\u00e9nements universitaires accessibles: meilleures pratiques et apprentissages<\/a><\/h2>\t<div class=\"entry-meta entry-meta-divider-dot\">\n\t<span class=\"posted-by\"><span class=\"meta-label\">By<\/span><span class=\"author vcard\"><span class=\"fn n\">Natalie Vilkoff<\/span><\/span><\/span>\t\t\t<span class=\"posted-on\">\n\t\t\t\t<time class=\"entry-date published\" datetime=\"2024-07-05T16:11:02-04:00\">July 5, 2024<\/time><time class=\"updated\" datetime=\"2024-07-05T16:11:03-04:00\">July 5, 2024<\/time>\t\t\t<\/span>\n\t\t\t\t<\/div><!-- .entry-meta -->\n\t<\/header><!-- .entry-header -->\n\t<div class=\"entry-summary\">\n\t\t<p>*Faites d\u00e9filer jusqu&#8217;au bas de la page pour obtenir un r\u00e9sum\u00e9 en langage simple. Par Sama Nemat Allah (traduction : Fr\u00e9d\u00e9rique B\u00e9rub\u00e9, assist\u00e9e par DeepL) Que se passerait-il si nous&hellip;<\/p>\n\t<\/div><!-- .entry-summary -->\n\t<footer class=\"entry-footer\">\n\t\t\t<div class=\"entry-actions\">\n\t\t\t<p class=\"more-link-wrap\">\n\t\t\t\t<a href=\"https:\/\/jrpcanada.ca\/fr\/2024\/07\/05\/evenements-universitaires-accessibles-meilleures-pratiques-et-apprentissages\/\" class=\"post-more-link\">\n\t\t\t\t\tRead More<span class=\"screen-reader-text\"> \u00c9v\u00e9nements universitaires accessibles: meilleures pratiques et apprentissages<\/span><span class=\"kadence-svg-iconset svg-baseline\"><svg aria-hidden=\"true\" class=\"kadence-svg-icon kadence-arrow-right-alt-svg\" fill=\"currentColor\" version=\"1.1\" xmlns=\"http:\/\/www.w3.org\/2000\/svg\" width=\"27\" height=\"28\" viewBox=\"0 0 27 28\"><title>Continue<\/title><path d=\"M27 13.953c0 0.141-0.063 0.281-0.156 0.375l-6 5.531c-0.156 0.141-0.359 0.172-0.547 0.094-0.172-0.078-0.297-0.25-0.297-0.453v-3.5h-19.5c-0.281 0-0.5-0.219-0.5-0.5v-3c0-0.281 0.219-0.5 0.5-0.5h19.5v-3.5c0-0.203 0.109-0.375 0.297-0.453s0.391-0.047 0.547 0.078l6 5.469c0.094 0.094 0.156 0.219 0.156 0.359v0z\"><\/path>\n\t\t\t<\/svg><\/span>\t\t\t\t<\/a>\n\t\t\t<\/p>\n\t\t<\/div><!-- .entry-actions -->\n\t\t<\/footer><!-- .entry-footer -->\t\t<\/div>\n\t<\/article>\n<\/li>\n<li class=\"kb-post-list-item\">\n\t<article class=\"entry content-bg loop-entry post-206 post type-post status-publish format-standard has-post-thumbnail hentry category-conference\">\n\t\t\t\t<a aria-hidden=\"true\" tabindex=\"-1\" role=\"presentation\" class=\"post-thumbnail kadence-thumbnail-ratio-2-3\" href=\"https:\/\/jrpcanada.ca\/fr\/2024\/07\/05\/panel-4-identites-professionnelles-en-contextes-postcoloniaux-avec-une-interpretation-lsq\/\" aria-label=\"Panel 4: Identit\u00e9s professionnelles en contextes postcoloniaux, avec une interpr\u00e9tation LSQ\">\n\t\t\t<div class=\"post-thumbnail-inner\">\n\t\t\t\t<img decoding=\"async\" width=\"768\" height=\"432\" src=\"https:\/\/jrpcanada.ca\/fr\/wp-content\/uploads\/sites\/2\/2024\/07\/Panel4_Title-Graphic_FR-01-768x432.png\" class=\"attachment-medium_large size-medium_large wp-post-image\" alt=\"Blue graphic with white text.\" srcset=\"https:\/\/jrpcanada.ca\/fr\/wp-content\/uploads\/sites\/2\/2024\/07\/Panel4_Title-Graphic_FR-01-768x432.png 768w, https:\/\/jrpcanada.ca\/fr\/wp-content\/uploads\/sites\/2\/2024\/07\/Panel4_Title-Graphic_FR-01-300x169.png 300w, https:\/\/jrpcanada.ca\/fr\/wp-content\/uploads\/sites\/2\/2024\/07\/Panel4_Title-Graphic_FR-01-1024x576.png 1024w, https:\/\/jrpcanada.ca\/fr\/wp-content\/uploads\/sites\/2\/2024\/07\/Panel4_Title-Graphic_FR-01-1536x864.png 1536w, https:\/\/jrpcanada.ca\/fr\/wp-content\/uploads\/sites\/2\/2024\/07\/Panel4_Title-Graphic_FR-01-1170x658.png 1170w, https:\/\/jrpcanada.ca\/fr\/wp-content\/uploads\/sites\/2\/2024\/07\/Panel4_Title-Graphic_FR-01-585x329.png 585w, https:\/\/jrpcanada.ca\/fr\/wp-content\/uploads\/sites\/2\/2024\/07\/Panel4_Title-Graphic_FR-01.png 1920w\" sizes=\"(max-width: 768px) 100vw, 768px\" \/>\t\t\t<\/div>\n\t\t<\/a><!-- .post-thumbnail -->\n\t\t\t\t<div class=\"entry-content-wrap\">\n\t\t\t<header class=\"entry-header\">\n\t\t<div class=\"entry-taxonomies\">\n\t\t<span class=\"category-links term-links category-style-normal\">\n\t\t\t<a href=\"https:\/\/jrpcanada.ca\/fr\/category\/conference\/\" rel=\"category tag\">Conf\u00e9rence entre id\u00e9aux et pratiques<\/a>\t\t<\/span>\n\t<\/div><!-- .entry-taxonomies -->\n\t<h2 class=\"entry-title\"><a href=\"https:\/\/jrpcanada.ca\/fr\/2024\/07\/05\/panel-4-identites-professionnelles-en-contextes-postcoloniaux-avec-une-interpretation-lsq\/\" rel=\"bookmark\">Panel 4: Identit\u00e9s professionnelles en contextes postcoloniaux, avec une interpr\u00e9tation LSQ<\/a><\/h2>\t<div class=\"entry-meta entry-meta-divider-dot\">\n\t<span class=\"posted-by\"><span class=\"meta-label\">By<\/span><span class=\"author vcard\"><span class=\"fn n\">Natalie Vilkoff<\/span><\/span><\/span>\t\t\t<span class=\"posted-on\">\n\t\t\t\t<time class=\"entry-date published\" datetime=\"2024-07-05T16:09:46-04:00\">July 5, 2024<\/time><time class=\"updated\" datetime=\"2024-07-05T16:39:13-04:00\">July 5, 2024<\/time>\t\t\t<\/span>\n\t\t\t\t<\/div><!-- .entry-meta -->\n\t<\/header><!-- .entry-header -->\n\t<div class=\"entry-summary\">\n\t\t<p>La pr\u00e9sentation fran\u00e7aise de ce panel couvre l&#8217;impact de l&#8217;acc\u00e8s g\u00e9n\u00e9ralis\u00e9 \u00e0 l&#8217;internet sur le journalisme rural au Gabon. *Les pr\u00e9sentations anglaises sont disponibles sur le site anglais du JRP&hellip;<\/p>\n\t<\/div><!-- .entry-summary -->\n\t<footer class=\"entry-footer\">\n\t\t\t<div class=\"entry-actions\">\n\t\t\t<p class=\"more-link-wrap\">\n\t\t\t\t<a href=\"https:\/\/jrpcanada.ca\/fr\/2024\/07\/05\/panel-4-identites-professionnelles-en-contextes-postcoloniaux-avec-une-interpretation-lsq\/\" class=\"post-more-link\">\n\t\t\t\t\tRead More<span class=\"screen-reader-text\"> Panel 4: Identit\u00e9s professionnelles en contextes postcoloniaux, avec une interpr\u00e9tation LSQ<\/span><span class=\"kadence-svg-iconset svg-baseline\"><svg aria-hidden=\"true\" class=\"kadence-svg-icon kadence-arrow-right-alt-svg\" fill=\"currentColor\" version=\"1.1\" xmlns=\"http:\/\/www.w3.org\/2000\/svg\" width=\"27\" height=\"28\" viewBox=\"0 0 27 28\"><title>Continue<\/title><path d=\"M27 13.953c0 0.141-0.063 0.281-0.156 0.375l-6 5.531c-0.156 0.141-0.359 0.172-0.547 0.094-0.172-0.078-0.297-0.25-0.297-0.453v-3.5h-19.5c-0.281 0-0.5-0.219-0.5-0.5v-3c0-0.281 0.219-0.5 0.5-0.5h19.5v-3.5c0-0.203 0.109-0.375 0.297-0.453s0.391-0.047 0.547 0.078l6 5.469c0.094 0.094 0.156 0.219 0.156 0.359v0z\"><\/path>\n\t\t\t<\/svg><\/span>\t\t\t\t<\/a>\n\t\t\t<\/p>\n\t\t<\/div><!-- .entry-actions -->\n\t\t<\/footer><!-- .entry-footer -->\t\t<\/div>\n\t<\/article>\n<\/li>\n<li class=\"kb-post-list-item\">\n\t<article class=\"entry content-bg loop-entry post-203 post type-post status-publish format-standard has-post-thumbnail hentry category-conference\">\n\t\t\t\t<a aria-hidden=\"true\" tabindex=\"-1\" role=\"presentation\" class=\"post-thumbnail kadence-thumbnail-ratio-2-3\" href=\"https:\/\/jrpcanada.ca\/fr\/2024\/07\/05\/panel-8-cultures-journalistiques-et-langues-avec-une-interpretation-lsq\/\" aria-label=\"Panel 8: Cultures journalistiques et langues, avec une interpr\u00e9tation LSQ\">\n\t\t\t<div class=\"post-thumbnail-inner\">\n\t\t\t\t<img decoding=\"async\" width=\"768\" height=\"432\" src=\"https:\/\/jrpcanada.ca\/fr\/wp-content\/uploads\/sites\/2\/2024\/07\/Panel8_Title-Graphic-01-768x432.png\" class=\"attachment-medium_large size-medium_large wp-post-image\" alt=\"Blue graphic with white text.\" srcset=\"https:\/\/jrpcanada.ca\/fr\/wp-content\/uploads\/sites\/2\/2024\/07\/Panel8_Title-Graphic-01-768x432.png 768w, https:\/\/jrpcanada.ca\/fr\/wp-content\/uploads\/sites\/2\/2024\/07\/Panel8_Title-Graphic-01-300x169.png 300w, https:\/\/jrpcanada.ca\/fr\/wp-content\/uploads\/sites\/2\/2024\/07\/Panel8_Title-Graphic-01-1024x576.png 1024w, https:\/\/jrpcanada.ca\/fr\/wp-content\/uploads\/sites\/2\/2024\/07\/Panel8_Title-Graphic-01-1536x864.png 1536w, https:\/\/jrpcanada.ca\/fr\/wp-content\/uploads\/sites\/2\/2024\/07\/Panel8_Title-Graphic-01-1170x658.png 1170w, https:\/\/jrpcanada.ca\/fr\/wp-content\/uploads\/sites\/2\/2024\/07\/Panel8_Title-Graphic-01-585x329.png 585w, https:\/\/jrpcanada.ca\/fr\/wp-content\/uploads\/sites\/2\/2024\/07\/Panel8_Title-Graphic-01.png 1920w\" sizes=\"(max-width: 768px) 100vw, 768px\" \/>\t\t\t<\/div>\n\t\t<\/a><!-- .post-thumbnail -->\n\t\t\t\t<div class=\"entry-content-wrap\">\n\t\t\t<header class=\"entry-header\">\n\t\t<div class=\"entry-taxonomies\">\n\t\t<span class=\"category-links term-links category-style-normal\">\n\t\t\t<a href=\"https:\/\/jrpcanada.ca\/fr\/category\/conference\/\" rel=\"category tag\">Conf\u00e9rence entre id\u00e9aux et pratiques<\/a>\t\t<\/span>\n\t<\/div><!-- .entry-taxonomies -->\n\t<h2 class=\"entry-title\"><a href=\"https:\/\/jrpcanada.ca\/fr\/2024\/07\/05\/panel-8-cultures-journalistiques-et-langues-avec-une-interpretation-lsq\/\" rel=\"bookmark\">Panel 8: Cultures journalistiques et langues, avec une interpr\u00e9tation LSQ<\/a><\/h2>\t<div class=\"entry-meta entry-meta-divider-dot\">\n\t<span class=\"posted-by\"><span class=\"meta-label\">By<\/span><span class=\"author vcard\"><span class=\"fn n\">Natalie Vilkoff<\/span><\/span><\/span>\t\t\t<span class=\"posted-on\">\n\t\t\t\t<time class=\"entry-date published updated\" datetime=\"2024-07-05T16:09:01-04:00\">July 5, 2024<\/time>\t\t\t<\/span>\n\t\t\t\t<\/div><!-- .entry-meta -->\n\t<\/header><!-- .entry-header -->\n\t<div class=\"entry-summary\">\n\t\t<p>Dans ce panel, quatre \u00e9tudes ont explor\u00e9 l&#8217;impact de la politique et de la langue sur le journalisme. La presentation ci-dessous analyse comment les journalistes francophones et n\u00e9erlandophones en Belgique&hellip;<\/p>\n\t<\/div><!-- .entry-summary -->\n\t<footer class=\"entry-footer\">\n\t\t\t<div class=\"entry-actions\">\n\t\t\t<p class=\"more-link-wrap\">\n\t\t\t\t<a href=\"https:\/\/jrpcanada.ca\/fr\/2024\/07\/05\/panel-8-cultures-journalistiques-et-langues-avec-une-interpretation-lsq\/\" class=\"post-more-link\">\n\t\t\t\t\tRead More<span class=\"screen-reader-text\"> Panel 8: Cultures journalistiques et langues, avec une interpr\u00e9tation LSQ<\/span><span class=\"kadence-svg-iconset svg-baseline\"><svg aria-hidden=\"true\" class=\"kadence-svg-icon kadence-arrow-right-alt-svg\" fill=\"currentColor\" version=\"1.1\" xmlns=\"http:\/\/www.w3.org\/2000\/svg\" width=\"27\" height=\"28\" viewBox=\"0 0 27 28\"><title>Continue<\/title><path d=\"M27 13.953c0 0.141-0.063 0.281-0.156 0.375l-6 5.531c-0.156 0.141-0.359 0.172-0.547 0.094-0.172-0.078-0.297-0.25-0.297-0.453v-3.5h-19.5c-0.281 0-0.5-0.219-0.5-0.5v-3c0-0.281 0.219-0.5 0.5-0.5h19.5v-3.5c0-0.203 0.109-0.375 0.297-0.453s0.391-0.047 0.547 0.078l6 5.469c0.094 0.094 0.156 0.219 0.156 0.359v0z\"><\/path>\n\t\t\t<\/svg><\/span>\t\t\t\t<\/a>\n\t\t\t<\/p>\n\t\t<\/div><!-- .entry-actions -->\n\t\t<\/footer><!-- .entry-footer -->\t\t<\/div>\n\t<\/article>\n<\/li>\n<\/ul>","protected":false},"excerpt":{"rendered":"<p>Les r\u00f4les journalistiques \u00e9voluent dans le monde entier et l&#8217;\u00e9valuation de l&#8217;impact de ces changements \u00e9tait le th\u00e8me de la conf\u00e9rence Entre id\u00e9aux et pratiques qui a eu lieu \u00e0&hellip;<\/p>\n","protected":false},"author":13,"featured_media":0,"parent":0,"menu_order":0,"comment_status":"closed","ping_status":"closed","template":"","meta":{"_monsterinsights_skip_tracking":false,"_monsterinsights_sitenote_active":false,"_monsterinsights_sitenote_note":"","_monsterinsights_sitenote_category":0,"_lmt_disableupdate":"","_lmt_disable":"","footnotes":""},"class_list":["post-210","page","type-page","status-publish","hentry"],"_links":{"self":[{"href":"https:\/\/jrpcanada.ca\/fr\/wp-json\/wp\/v2\/pages\/210","targetHints":{"allow":["GET"]}}],"collection":[{"href":"https:\/\/jrpcanada.ca\/fr\/wp-json\/wp\/v2\/pages"}],"about":[{"href":"https:\/\/jrpcanada.ca\/fr\/wp-json\/wp\/v2\/types\/page"}],"author":[{"embeddable":true,"href":"https:\/\/jrpcanada.ca\/fr\/wp-json\/wp\/v2\/users\/13"}],"replies":[{"embeddable":true,"href":"https:\/\/jrpcanada.ca\/fr\/wp-json\/wp\/v2\/comments?post=210"}],"version-history":[{"count":0,"href":"https:\/\/jrpcanada.ca\/fr\/wp-json\/wp\/v2\/pages\/210\/revisions"}],"wp:attachment":[{"href":"https:\/\/jrpcanada.ca\/fr\/wp-json\/wp\/v2\/media?parent=210"}],"curies":[{"name":"wp","href":"https:\/\/api.w.org\/{rel}","templated":true}]}}